{"id":99,"date":"2024-10-23T20:51:00","date_gmt":"2024-10-23T18:51:00","guid":{"rendered":"https:\/\/pszczela-biblioteczka.pl\/?page_id=99"},"modified":"2026-01-05T18:46:45","modified_gmt":"2026-01-05T17:46:45","slug":"kontakt","status":"publish","type":"page","link":"https:\/\/pszczela-biblioteczka.pl\/index.php\/kontakt\/","title":{"rendered":""},"content":{"rendered":"\n<div class=\"wp-block-group alignfull has-mono-4-background-color has-background has-global-padding is-layout-constrained wp-container-core-group-is-layout-c4b3354e wp-block-group-is-layout-constrained\" style=\"margin-top:0;margin-bottom:0;padding-top:var(--wp--preset--spacing--superbspacing-xxsmall);padding-right:var(--wp--preset--spacing--superbspacing-xsmall);padding-bottom:var(--wp--preset--spacing--superbspacing-xxsmall);padding-left:var(--wp--preset--spacing--superbspacing-xsmall)\">\n<div class=\"wp-block-group alignwide is-vertical is-content-justification-center is-layout-flex wp-container-core-group-is-layout-4c120eef wp-block-group-is-layout-flex\">\n<h2 class=\"wp-block-heading has-text-align-center has-contrast-color has-text-color has-superbfont-xlarge-font-size\">Kontakt<\/h2>\n\n\n\n<p class=\"has-text-align-left has-mono-2-color has-text-color has-superbfont-xxsmall-font-size\">W sprawach zwi\u0105zanych z naszym wydawnictwem, oraz publikacjami Je\u015bli masz jakiekolwiek pytania dotycz\u0105ce naszego wydawnictwa, planowanych publikacji, wsp\u00f3\u0142pracy autorskiej lub chcesz dowiedzie\u0107 si\u0119 wi\u0119cej o naszych ksi\u0105\u017ckach, serdecznie zapraszamy do kontaktu. Jeste\u015bmy otwarci na wszelkie sugestie, propozycje oraz rozmowy zwi\u0105zane z tematyk\u0105 pszczelarsk\u0105. Mo\u017cesz do nas napisa\u0107 na adres mailowy, a postaramy si\u0119 odpowiedzie\u0107 na Twoje pytania jak najszybciej. Ch\u0119tnie nawi\u0105\u017cemy kontakt zar\u00f3wno z czytelnikami, jak i osobami, kt\u00f3re chcia\u0142yby wsp\u00f3\u0142tworzy\u0107 nasz\u0105 wydawnicz\u0105 ofert\u0119.<\/p>\n\n\n\n<div style=\"height:0px\" aria-hidden=\"true\" class=\"wp-block-spacer wp-container-content-16d1eb73\"><\/div>\n\n\n\n<p class=\"has-text-align-center has-mono-2-color has-text-color has-superbfont-xxsmall-font-size\">Mo\u017cesz si\u0119 z nami skontaktowa\u0107 mailowo pod adresem <strong>biuro(at)pszczela-biblioteczka.p<\/strong>l<\/p>\n\n\n\n<div style=\"height:0px\" aria-hidden=\"true\" class=\"wp-block-spacer wp-container-content-16d1eb73\"><\/div>\n\n\n\n<h6 class=\"wp-block-heading\">Jak do nas dojecha\u0107?<\/h6>\n\n\n\n<div class=\"mapouter\">\n<div class=\"gmap_canvas\">\n<iframe loading=\"lazy\" id=\"gmap_canvas\" src=\"https:\/\/maps.google.com\/maps?q=W%C4%85chock%2C%20Skalista%206&amp;t=&amp;z=15&amp;ie=UTF8&amp;iwloc=&amp;output=embed\" width=\"700\" height=\"400\" frameborder=\"0\" marginwidth=\"0\" marginheight=\"0\" scrolling=\"no\"><\/iframe><\/div>\n<\/div>\n\n\n\n<p><\/p>\n<\/div>\n<\/div>\n","protected":false},"excerpt":{"rendered":"<p>Kontakt W sprawach zwi\u0105zanych z naszym wydawnictwem, oraz publikacjami Je\u015bli masz jakiekolwiek pytania dotycz\u0105ce naszego wydawnictwa, planowanych publikacji, wsp\u00f3\u0142pracy autorskiej lub chcesz dowiedzie\u0107 si\u0119 wi\u0119cej o naszych ksi\u0105\u017ckach, serdecznie zapraszamy do kontaktu. Jeste\u015bmy otwarci na wszelkie sugestie, propozycje oraz rozmowy zwi\u0105zane z tematyk\u0105 pszczelarsk\u0105. Mo\u017cesz do nas napisa\u0107 na adres mailowy, a postaramy si\u0119 odpowiedzie\u0107 [&hellip;]<\/p>\n","protected":false},"author":1,"featured_media":0,"parent":0,"menu_order":0,"comment_status":"closed","ping_status":"closed","template":"page-full-width","meta":{"footnotes":""},"class_list":["post-99","page","type-page","status-publish","hentry"],"_links":{"self":[{"href":"https:\/\/pszczela-biblioteczka.pl\/index.php\/wp-json\/wp\/v2\/pages\/99","targetHints":{"allow":["GET"]}}],"collection":[{"href":"https:\/\/pszczela-biblioteczka.pl\/index.php\/wp-json\/wp\/v2\/pages"}],"about":[{"href":"https:\/\/pszczela-biblioteczka.pl\/index.php\/wp-json\/wp\/v2\/types\/page"}],"author":[{"embeddable":true,"href":"https:\/\/pszczela-biblioteczka.pl\/index.php\/wp-json\/wp\/v2\/users\/1"}],"replies":[{"embeddable":true,"href":"https:\/\/pszczela-biblioteczka.pl\/index.php\/wp-json\/wp\/v2\/comments?post=99"}],"version-history":[{"count":12,"href":"https:\/\/pszczela-biblioteczka.pl\/index.php\/wp-json\/wp\/v2\/pages\/99\/revisions"}],"predecessor-version":[{"id":132,"href":"https:\/\/pszczela-biblioteczka.pl\/index.php\/wp-json\/wp\/v2\/pages\/99\/revisions\/132"}],"wp:attachment":[{"href":"https:\/\/pszczela-biblioteczka.pl\/index.php\/wp-json\/wp\/v2\/media?parent=99"}],"curies":[{"name":"wp","href":"https:\/\/api.w.org\/{rel}","templated":true}]}}