{"id":51,"date":"2024-10-23T13:29:06","date_gmt":"2024-10-23T11:29:06","guid":{"rendered":"https:\/\/pszczela-biblioteczka.pl\/?page_id=51"},"modified":"2026-01-05T19:02:42","modified_gmt":"2026-01-05T18:02:42","slug":"nasze-ksiazki","status":"publish","type":"page","link":"https:\/\/pszczela-biblioteczka.pl\/index.php\/nasze-ksiazki\/","title":{"rendered":""},"content":{"rendered":"\n<div class=\"wp-block-group alignfull has-mono-4-background-color has-background has-global-padding is-layout-constrained wp-container-core-group-is-layout-c4b3354e wp-block-group-is-layout-constrained\" style=\"margin-top:0;margin-bottom:0;padding-top:var(--wp--preset--spacing--superbspacing-xxsmall);padding-right:var(--wp--preset--spacing--superbspacing-xsmall);padding-bottom:var(--wp--preset--spacing--superbspacing-xxsmall);padding-left:var(--wp--preset--spacing--superbspacing-xsmall)\">\n<div class=\"wp-block-group alignwide is-vertical is-content-justification-center is-layout-flex wp-container-core-group-is-layout-4c120eef wp-block-group-is-layout-flex\">\n<h2 class=\"wp-block-heading has-text-align-center has-contrast-color has-text-color has-superbfont-xlarge-font-size\">Nasze ksi\u0105\u017cki<\/h2>\n\n\n\n<p class=\"has-text-align-left has-mono-2-color has-text-color has-superbfont-xxsmall-font-size\">Cho\u0107 nasze wydawnictwo jest stosunkowo m\u0142ode na rynku, z pe\u0142nym zaanga\u017cowaniem d\u0105\u017cymy do tego, aby ka\u017cda wydawana przez nas pozycja by\u0142a nie tylko merytoryczna, ale przede wszystkim ciekawa i interesuj\u0105ca dla szerokiego grona odbiorc\u00f3w. Zale\u017cy nam, aby nasze publikacje trafia\u0142y zar\u00f3wno do pasjonat\u00f3w pszczelarstwa, jak i do os\u00f3b, kt\u00f3re dopiero zaczynaj\u0105 swoj\u0105 przygod\u0119 z t\u0105 fascynuj\u0105c\u0105 dziedzin\u0105. Staramy si\u0119, aby nasze ksi\u0105\u017cki by\u0142y przyst\u0119pne i inspiruj\u0105ce, niezale\u017cnie od poziomu do\u015bwiadczenia czytelnika.<\/p>\n\n\n\n<p class=\"has-text-align-left has-mono-2-color has-text-color has-superbfont-xxsmall-font-size\">W poni\u017cszym zestawieniu znajdziesz szczeg\u00f3\u0142owe informacje o ksi\u0105\u017ckach, kt\u00f3re ju\u017c zosta\u0142y wydane, a tak\u017ce tych, kt\u00f3re aktualnie przygotowujemy do publikacji. Pracujemy nad kolejnymi tytu\u0142ami, kt\u00f3re, mamy nadziej\u0119, wzbudz\u0105 Twoje zainteresowanie i pomog\u0105 Ci zg\u0142\u0119bi\u0107 tajniki pszczelarstwa oraz przetw\u00f3rstwa produkt\u00f3w pszczelich. Nasze plany wydawnicze obejmuj\u0105 zar\u00f3wno praktyczne przewodniki, jak i bardziej zaawansowane opracowania, kt\u00f3re zaspokoj\u0105 potrzeby zar\u00f3wno amator\u00f3w, jak i profesjonalist\u00f3w.<\/p>\n<\/div>\n\n\n\n<div class=\"wp-block-columns alignwide is-layout-flex wp-container-core-columns-is-layout-f9d87e41 wp-block-columns-is-layout-flex\">\n<div class=\"wp-block-column is-vertically-aligned-top is-layout-flow wp-container-core-column-is-layout-db2cb278 wp-block-column-is-layout-flow\">\n<figure class=\"wp-block-image size-full has-custom-border\"><img loading=\"lazy\" decoding=\"async\" width=\"333\" height=\"500\" src=\"https:\/\/pszczela-biblioteczka.pl\/wp-content\/uploads\/2026\/01\/propolis-w-kardiologii.jpg\" alt=\"\" class=\"wp-image-186\" style=\"border-radius:0px;object-fit:cover\" srcset=\"https:\/\/pszczela-biblioteczka.pl\/wp-content\/uploads\/2026\/01\/propolis-w-kardiologii.jpg 333w, https:\/\/pszczela-biblioteczka.pl\/wp-content\/uploads\/2026\/01\/propolis-w-kardiologii-200x300.jpg 200w\" sizes=\"auto, (max-width: 333px) 100vw, 333px\" \/><\/figure>\n\n\n\n<div class=\"wp-block-group has-global-padding is-layout-constrained wp-container-core-group-is-layout-85cc789f wp-block-group-is-layout-constrained\">\n<div class=\"wp-block-group has-global-padding is-layout-constrained wp-container-core-group-is-layout-19e250f3 wp-block-group-is-layout-constrained\">\n<h3 class=\"wp-block-heading has-text-align-left has-contrast-color has-text-color has-superbfont-medium-font-size\"><a href=\"https:\/\/pszczela-biblioteczka.pl\/index.php\/propolis-w-kardiologii\/\" data-type=\"page\" data-id=\"188\">Propolis w Kardiologii<\/a><\/h3>\n<\/div>\n\n\n\n<p class=\"has-text-align-left has-mono-2-color has-text-color has-superbfont-xxsmall-font-size\" style=\"margin-top:var(--wp--preset--spacing--superbspacing-xxsmall);margin-bottom:var(--wp--preset--spacing--superbspacing-xxsmall)\">\u201ePropolis w kardiologii\u201d to przyst\u0119pna, a zarazem rzetelna ksi\u0105\u017cka po\u015bwi\u0119cona roli kitu pszczelego w profilaktyce i wspieraniu zdrowia uk\u0142adu sercowo-naczyniowego. Autor \u2013 pacjent kardiologiczny i praktyk apiterapii \u2013 \u0142\u0105czy osobiste do\u015bwiadczenie z aktualn\u0105 wiedz\u0105 naukow\u0105, wyja\u015bniaj\u0105c mechanizmy mia\u017cd\u017cycy, stanu zapalnego i stresu oksydacyjnego w spos\u00f3b zrozumia\u0142y dla ka\u017cdego. Publikacja pokazuje, jak propolis mo\u017ce rozs\u0105dnie uzupe\u0142nia\u0107 nowoczesn\u0105 kardiologi\u0119, bez obietnic cud\u00f3w i bez zast\u0119powania leczenia lekarskiego.<\/p>\n<\/div>\n<\/div>\n\n\n\n<div class=\"wp-block-column is-vertically-aligned-top is-layout-flow wp-container-core-column-is-layout-db2cb278 wp-block-column-is-layout-flow\">\n<figure class=\"wp-block-image size-full has-custom-border\"><img loading=\"lazy\" decoding=\"async\" width=\"333\" height=\"500\" src=\"https:\/\/pszczela-biblioteczka.pl\/wp-content\/uploads\/2026\/01\/w_kuchni_z_ania.jpg\" alt=\"\" class=\"wp-image-172\" style=\"border-radius:0px;object-fit:cover\" srcset=\"https:\/\/pszczela-biblioteczka.pl\/wp-content\/uploads\/2026\/01\/w_kuchni_z_ania.jpg 333w, https:\/\/pszczela-biblioteczka.pl\/wp-content\/uploads\/2026\/01\/w_kuchni_z_ania-200x300.jpg 200w\" sizes=\"auto, (max-width: 333px) 100vw, 333px\" \/><\/figure>\n\n\n\n<div class=\"wp-block-group has-global-padding is-layout-constrained wp-container-core-group-is-layout-85cc789f wp-block-group-is-layout-constrained\">\n<div class=\"wp-block-group has-global-padding is-layout-constrained wp-container-core-group-is-layout-19e250f3 wp-block-group-is-layout-constrained\">\n<h3 class=\"wp-block-heading has-text-align-left has-contrast-color has-text-color has-superbfont-medium-font-size\"><a href=\"https:\/\/pszczela-biblioteczka.pl\/index.php\/w-kuchni-z-ania-z-bieszczadzkiej-hecy\/\" data-type=\"page\" data-id=\"177\">W kuchni z Ani\u0105<\/a><\/h3>\n<\/div>\n\n\n\n<p class=\"has-text-align-left has-mono-2-color has-text-color has-superbfont-xxsmall-font-size\" style=\"margin-top:var(--wp--preset--spacing--superbspacing-xxsmall);margin-bottom:var(--wp--preset--spacing--superbspacing-xxsmall)\">\u201eW kuchni z Ani\u0105 z Bieszczadzkiej Hecy\u201d to ciep\u0142y, autentyczny ebook kulinarny prosto z serca Bieszczad. Znajdziesz w nim proste, domowe przepisy inspirowane tradycyjn\u0105 kuchni\u0105, sezonowo\u015bci\u0105 i \u017cyciem w rytmie natury. To nie tylko gotowanie, ale tak\u017ce historie, wspomnienia i smak codzienno\u015bci z dala od po\u015bpiechu. Autorka pokazuje, jak z prostych sk\u0142adnik\u00f3w tworzy\u0107 dania pe\u0142ne aromatu i sensu. Idealna ksi\u0105\u017cka dla tych, kt\u00f3rzy ceni\u0105 prawdziwe jedzenie, spok\u00f3j oraz filozofi\u0119 <em>slow life<\/em>.<\/p>\n<\/div>\n<\/div>\n\n\n\n<div class=\"wp-block-column is-vertically-aligned-top is-layout-flow wp-container-core-column-is-layout-db2cb278 wp-block-column-is-layout-flow\">\n<figure class=\"wp-block-image size-full has-custom-border\"><img loading=\"lazy\" decoding=\"async\" width=\"333\" height=\"500\" src=\"https:\/\/pszczela-biblioteczka.pl\/wp-content\/uploads\/2024\/10\/miodpitny.jpg\" alt=\"\" class=\"wp-image-57\" style=\"border-radius:0px;object-fit:cover\" srcset=\"https:\/\/pszczela-biblioteczka.pl\/wp-content\/uploads\/2024\/10\/miodpitny.jpg 333w, https:\/\/pszczela-biblioteczka.pl\/wp-content\/uploads\/2024\/10\/miodpitny-200x300.jpg 200w\" sizes=\"auto, (max-width: 333px) 100vw, 333px\" \/><\/figure>\n\n\n\n<div class=\"wp-block-group has-global-padding is-layout-constrained wp-container-core-group-is-layout-85cc789f wp-block-group-is-layout-constrained\">\n<div class=\"wp-block-group has-global-padding is-layout-constrained wp-container-core-group-is-layout-19e250f3 wp-block-group-is-layout-constrained\">\n<h3 class=\"wp-block-heading has-text-align-left has-contrast-color has-text-color has-superbfont-medium-font-size\"><a href=\"https:\/\/pszczela-biblioteczka.pl\/index.php\/miod-pitny-prosty-poradnik\/\" data-type=\"page\" data-id=\"114\">Mi\u00f3d pitny<\/a><\/h3>\n<\/div>\n\n\n\n<p class=\"has-text-align-left has-mono-2-color has-text-color has-superbfont-xxsmall-font-size\" style=\"margin-top:var(--wp--preset--spacing--superbspacing-xxsmall);margin-bottom:var(--wp--preset--spacing--superbspacing-xxsmall)\">Wyj\u0105tkowy poradnik \u201eMi\u00f3d Pitny\u201d, kt\u00f3ry krok po kroku wprowadzi Ci\u0119 w tajniki miodosytnictwa. To idealna pozycja zar\u00f3wno dla pocz\u0105tkuj\u0105cych, jak i bardziej do\u015bwiadczonych entuzjast\u00f3w domowej produkcji trunk\u00f3w. W ksi\u0105\u017cce znajdziesz nie tylko szczeg\u00f3\u0142owe opisy proces\u00f3w produkcji, ale r\u00f3wnie\u017c histori\u0119 tego staro\u017cytnego napoju, ciekawe przepisy oraz praktyczne porady dotycz\u0105ce wyboru sprz\u0119tu i surowc\u00f3w. Dzi\u0119ki tej ksi\u0105\u017cce z \u0142atwo\u015bci\u0105 stworzysz w\u0142asny, aromatyczny mi\u00f3d pitny, kt\u00f3rym z dum\u0105 pocz\u0119stujesz bliskich.<\/p>\n<\/div>\n<\/div>\n<\/div>\n\n\n\n<div class=\"wp-block-columns alignwide is-layout-flex wp-container-core-columns-is-layout-f9d87e41 wp-block-columns-is-layout-flex\">\n<div class=\"wp-block-column is-vertically-aligned-top is-layout-flow wp-container-core-column-is-layout-db2cb278 wp-block-column-is-layout-flow\">\n<figure class=\"wp-block-image size-full has-custom-border\"><img loading=\"lazy\" decoding=\"async\" width=\"333\" height=\"500\" src=\"https:\/\/pszczela-biblioteczka.pl\/wp-content\/uploads\/2024\/10\/5krokow-1.jpg\" alt=\"\" class=\"wp-image-56\" style=\"border-radius:0px;object-fit:cover\" srcset=\"https:\/\/pszczela-biblioteczka.pl\/wp-content\/uploads\/2024\/10\/5krokow-1.jpg 333w, https:\/\/pszczela-biblioteczka.pl\/wp-content\/uploads\/2024\/10\/5krokow-1-200x300.jpg 200w\" sizes=\"auto, (max-width: 333px) 100vw, 333px\" \/><\/figure>\n\n\n\n<div class=\"wp-block-group has-global-padding is-layout-constrained wp-container-core-group-is-layout-85cc789f wp-block-group-is-layout-constrained\">\n<div class=\"wp-block-group has-global-padding is-layout-constrained wp-container-core-group-is-layout-19e250f3 wp-block-group-is-layout-constrained\">\n<h3 class=\"wp-block-heading has-text-align-left has-contrast-color has-text-color has-superbfont-medium-font-size\">5 krok\u00f3w do w\u0142asnej pasieki<\/h3>\n<\/div>\n\n\n\n<p class=\"has-text-align-left has-mono-2-color has-text-color has-superbfont-xxsmall-font-size\" style=\"margin-top:var(--wp--preset--spacing--superbspacing-xxsmall);margin-bottom:var(--wp--preset--spacing--superbspacing-xxsmall)\">To prosty poradnik, kt\u00f3ry zosta\u0142 stworzony z my\u015bl\u0105 o osobach<\/p>\n<\/div>\n<\/div>\n\n\n\n<div class=\"wp-block-column is-vertically-aligned-top is-layout-flow wp-container-core-column-is-layout-db2cb278 wp-block-column-is-layout-flow\">\n<figure class=\"wp-block-image size-full has-custom-border\"><img loading=\"lazy\" decoding=\"async\" width=\"333\" height=\"500\" src=\"https:\/\/pszczela-biblioteczka.pl\/wp-content\/uploads\/2024\/10\/kwasy.jpg\" alt=\"\" class=\"wp-image-53\" style=\"border-radius:0px;object-fit:cover\" srcset=\"https:\/\/pszczela-biblioteczka.pl\/wp-content\/uploads\/2024\/10\/kwasy.jpg 333w, https:\/\/pszczela-biblioteczka.pl\/wp-content\/uploads\/2024\/10\/kwasy-200x300.jpg 200w\" sizes=\"auto, (max-width: 333px) 100vw, 333px\" \/><\/figure>\n\n\n\n<div class=\"wp-block-group has-global-padding is-layout-constrained wp-container-core-group-is-layout-85cc789f wp-block-group-is-layout-constrained\">\n<div class=\"wp-block-group has-global-padding is-layout-constrained wp-container-core-group-is-layout-19e250f3 wp-block-group-is-layout-constrained\">\n<h3 class=\"wp-block-heading has-text-align-left has-contrast-color has-text-color has-superbfont-medium-font-size\">Zastosowanie kwas\u00f3w organcznicznych<\/h3>\n<\/div>\n\n\n\n<p class=\"has-text-align-left has-mono-2-color has-text-color has-superbfont-xxsmall-font-size\" style=\"margin-top:var(--wp--preset--spacing--superbspacing-xxsmall);margin-bottom:var(--wp--preset--spacing--superbspacing-xxsmall)\">To ksi\u0105\u017cka, kt\u00f3ra przyda si\u0119 ka\u017cdemu kto leczy pszczo\u0142y.<\/p>\n<\/div>\n<\/div>\n\n\n\n<div class=\"wp-block-column is-vertically-aligned-top is-layout-flow wp-container-core-column-is-layout-db2cb278 wp-block-column-is-layout-flow\">\n<figure class=\"wp-block-image size-full has-custom-border\"><img loading=\"lazy\" decoding=\"async\" width=\"333\" height=\"500\" src=\"https:\/\/pszczela-biblioteczka.pl\/wp-content\/uploads\/2024\/10\/kwasy.jpg\" alt=\"\" class=\"wp-image-53\" style=\"border-radius:0px;object-fit:cover\" srcset=\"https:\/\/pszczela-biblioteczka.pl\/wp-content\/uploads\/2024\/10\/kwasy.jpg 333w, https:\/\/pszczela-biblioteczka.pl\/wp-content\/uploads\/2024\/10\/kwasy-200x300.jpg 200w\" sizes=\"auto, (max-width: 333px) 100vw, 333px\" \/><\/figure>\n\n\n\n<div class=\"wp-block-group has-global-padding is-layout-constrained wp-container-core-group-is-layout-85cc789f wp-block-group-is-layout-constrained\">\n<div class=\"wp-block-group has-global-padding is-layout-constrained wp-container-core-group-is-layout-19e250f3 wp-block-group-is-layout-constrained\">\n<h3 class=\"wp-block-heading has-text-align-left has-contrast-color has-text-color has-superbfont-medium-font-size\">Zastosowanie kwas\u00f3w organcznicznych<\/h3>\n<\/div>\n\n\n\n<p class=\"has-text-align-left has-mono-2-color has-text-color has-superbfont-xxsmall-font-size\" style=\"margin-top:var(--wp--preset--spacing--superbspacing-xxsmall);margin-bottom:var(--wp--preset--spacing--superbspacing-xxsmall)\">To ksi\u0105\u017cka, kt\u00f3ra przyda si\u0119 ka\u017cdemu kto leczy pszczo\u0142y.<\/p>\n<\/div>\n<\/div>\n<\/div>\n<\/div>\n","protected":false},"excerpt":{"rendered":"<p>Nasze ksi\u0105\u017cki Cho\u0107 nasze wydawnictwo jest stosunkowo m\u0142ode na rynku, z pe\u0142nym zaanga\u017cowaniem d\u0105\u017cymy do tego, aby ka\u017cda wydawana przez nas pozycja by\u0142a nie tylko merytoryczna, ale przede wszystkim ciekawa i interesuj\u0105ca dla szerokiego grona odbiorc\u00f3w. Zale\u017cy nam, aby nasze publikacje trafia\u0142y zar\u00f3wno do pasjonat\u00f3w pszczelarstwa, jak i do os\u00f3b, kt\u00f3re dopiero zaczynaj\u0105 swoj\u0105 przygod\u0119 [&hellip;]<\/p>\n","protected":false},"author":1,"featured_media":0,"parent":0,"menu_order":0,"comment_status":"closed","ping_status":"closed","template":"page-full-width","meta":{"footnotes":""},"class_list":["post-51","page","type-page","status-publish","hentry"],"_links":{"self":[{"href":"https:\/\/pszczela-biblioteczka.pl\/index.php\/wp-json\/wp\/v2\/pages\/51","targetHints":{"allow":["GET"]}}],"collection":[{"href":"https:\/\/pszczela-biblioteczka.pl\/index.php\/wp-json\/wp\/v2\/pages"}],"about":[{"href":"https:\/\/pszczela-biblioteczka.pl\/index.php\/wp-json\/wp\/v2\/types\/page"}],"author":[{"embeddable":true,"href":"https:\/\/pszczela-biblioteczka.pl\/index.php\/wp-json\/wp\/v2\/users\/1"}],"replies":[{"embeddable":true,"href":"https:\/\/pszczela-biblioteczka.pl\/index.php\/wp-json\/wp\/v2\/comments?post=51"}],"version-history":[{"count":14,"href":"https:\/\/pszczela-biblioteczka.pl\/index.php\/wp-json\/wp\/v2\/pages\/51\/revisions"}],"predecessor-version":[{"id":193,"href":"https:\/\/pszczela-biblioteczka.pl\/index.php\/wp-json\/wp\/v2\/pages\/51\/revisions\/193"}],"wp:attachment":[{"href":"https:\/\/pszczela-biblioteczka.pl\/index.php\/wp-json\/wp\/v2\/media?parent=51"}],"curies":[{"name":"wp","href":"https:\/\/api.w.org\/{rel}","templated":true}]}}