{"id":47,"date":"2024-10-23T13:21:07","date_gmt":"2024-10-23T11:21:07","guid":{"rendered":"https:\/\/pszczela-biblioteczka.pl\/?page_id=47"},"modified":"2026-01-30T21:45:42","modified_gmt":"2026-01-30T20:45:42","slug":"nasi-autorzy","status":"publish","type":"page","link":"https:\/\/pszczela-biblioteczka.pl\/index.php\/nasi-autorzy\/","title":{"rendered":""},"content":{"rendered":"\n<div class=\"wp-block-group alignfull has-mono-4-background-color has-background has-global-padding is-layout-constrained wp-container-core-group-is-layout-c4b3354e wp-block-group-is-layout-constrained\" style=\"margin-top:0;margin-bottom:0;padding-top:var(--wp--preset--spacing--superbspacing-xxsmall);padding-right:var(--wp--preset--spacing--superbspacing-xsmall);padding-bottom:var(--wp--preset--spacing--superbspacing-xxsmall);padding-left:var(--wp--preset--spacing--superbspacing-xsmall)\">\n<div class=\"wp-block-group alignwide is-vertical is-content-justification-center is-layout-flex wp-container-core-group-is-layout-4c120eef wp-block-group-is-layout-flex\">\n<h2 class=\"wp-block-heading has-text-align-center has-contrast-color has-text-color has-superbfont-xlarge-font-size\">Nasi autorzy<\/h2>\n\n\n\n<p class=\"has-text-align-left has-mono-2-color has-text-color has-superbfont-xxsmall-font-size\">Naszym celem jest nie tylko wydawanie ksi\u0105\u017cek o wysokiej warto\u015bci merytorycznej, ale r\u00f3wnie\u017c wsp\u00f3\u0142praca z autorami, kt\u00f3rzy wnosz\u0105 do naszych publikacji co\u015b wyj\u0105tkowego i unikatowego. Starannie dobieramy autor\u00f3w, aby ka\u017cdy z nich mia\u0142 w\u0142asne, charakterystyczne podej\u015bcie do tematyki pszczelarskiej, co sprawia, \u017ce ich ksi\u0105\u017cki s\u0105 niepowtarzalne. Wierzymy, \u017ce autentyczna pasja i g\u0142\u0119boka wiedza naszych autor\u00f3w przek\u0142adaj\u0105 si\u0119 na interesuj\u0105ce i anga\u017cuj\u0105ce tre\u015bci, kt\u00f3re potrafi\u0105 zainteresowa\u0107 nie tylko specjalist\u00f3w, ale i szersz\u0105 publiczno\u015b\u0107.<\/p>\n\n\n\n<p class=\"has-text-align-left has-mono-2-color has-text-color has-superbfont-xxsmall-font-size\">Naszym priorytetem jest dostarczanie ksi\u0105\u017cek, kt\u00f3re przyci\u0105gaj\u0105 r\u00f3\u017cnorodnych czytelnik\u00f3w \u2014 od pasjonat\u00f3w pszczelarstwa po osoby, kt\u00f3re dopiero zaczynaj\u0105 zg\u0142\u0119bia\u0107 ten temat. Dlatego dbamy o to, aby ka\u017cda pozycja mia\u0142a w sobie co\u015b oryginalnego, co wyr\u00f3\u017cnia j\u0105 na tle innych publikacji na rynku. Stale poszukujemy nowych, intryguj\u0105cych autor\u00f3w, kt\u00f3rzy swoimi wyj\u0105tkowymi spojrzeniami i do\u015bwiadczeniem wprowadz\u0105 \u015bwie\u017co\u015b\u0107 do naszego wydawnictwa.<\/p>\n<\/div>\n\n\n\n<div class=\"wp-block-columns alignwide is-layout-flex wp-container-core-columns-is-layout-f9d87e41 wp-block-columns-is-layout-flex\">\n<div class=\"wp-block-column is-vertically-aligned-top is-layout-flow wp-container-core-column-is-layout-db2cb278 wp-block-column-is-layout-flow\">\n<figure class=\"wp-block-image size-full is-resized has-custom-border\"><img loading=\"lazy\" decoding=\"async\" width=\"380\" height=\"500\" src=\"https:\/\/pszczela-biblioteczka.pl\/wp-content\/uploads\/2026\/01\/wojciech_m.jpg\" alt=\"\" class=\"wp-image-169\" style=\"border-radius:0px;object-fit:cover;width:380px;height:500px\" srcset=\"https:\/\/pszczela-biblioteczka.pl\/wp-content\/uploads\/2026\/01\/wojciech_m.jpg 380w, https:\/\/pszczela-biblioteczka.pl\/wp-content\/uploads\/2026\/01\/wojciech_m-228x300.jpg 228w\" sizes=\"auto, (max-width: 380px) 100vw, 380px\" \/><\/figure>\n\n\n\n<div class=\"wp-block-group has-global-padding is-layout-constrained wp-container-core-group-is-layout-85cc789f wp-block-group-is-layout-constrained\">\n<div class=\"wp-block-group has-global-padding is-layout-constrained wp-container-core-group-is-layout-19e250f3 wp-block-group-is-layout-constrained\">\n<h3 class=\"wp-block-heading has-text-align-left has-contrast-color has-text-color has-superbfont-medium-font-size\">Wojciech Margowniczy<\/h3>\n<\/div>\n\n\n\n<p class=\"has-text-align-left has-mono-2-color has-text-color has-superbfont-tiny-font-size\" style=\"margin-top:var(--wp--preset--spacing--superbspacing-xxsmall);margin-bottom:var(--wp--preset--spacing--superbspacing-xxsmall)\">Pszczelarz w pierwszym pokoleniu, bez rodzinnych tradycji. Swoj\u0105 mi\u0142o\u015b\u0107 do pszcz\u00f3\u0142 odkry\u0142 samodzielnie kilka lat temu gdy zafascynowa\u0142 go \u015bwiat pszcz\u00f3\u0142 przedstawiony w telewizyjnym programie popularnonaukowym. <\/p>\n\n\n\n<p class=\"has-text-align-left has-mono-2-color has-text-color has-superbfont-tiny-font-size\" style=\"margin-top:var(--wp--preset--spacing--superbspacing-xxsmall);margin-bottom:var(--wp--preset--spacing--superbspacing-xxsmall)\">Jest absolwentem Technikum Pszczelarskiego w Pszczelej Woli. Wraz ze swoj\u0105 \u017con\u0105 Agnieszk\u0105 (r\u00f3wnie\u017c pszczelark\u0105 i absolwentk\u0105 Pszczelej Woli) prowadz\u0105 gospodarstwo pasieczne \u201eMiody z W\u0105chocka\u201d po\u0142o\u017cone na skraju wojew\u00f3dztwa \u015bwi\u0119tokrzyskiego, w otulinie Sieradowickiego Parku Krajobrazowego w miejscowo\u015bci W\u0105chock \u2013 znanej g\u0142\u00f3wnie z dowcip\u00f3w. Prowadzi sklep pszczelarski zaopatruj\u0105c okolicznych pszczelarzy zar\u00f3wno w potrzebny do pasieki sprz\u0119t jak i wiedz\u0119, kt\u00f3r\u0105 ch\u0119tnie si\u0119 dzieli.<\/p>\n<\/div>\n<\/div>\n\n\n\n<div class=\"wp-block-column is-vertically-aligned-top is-layout-flow wp-container-core-column-is-layout-db2cb278 wp-block-column-is-layout-flow\">\n<figure class=\"wp-block-image size-full is-resized has-custom-border\"><img loading=\"lazy\" decoding=\"async\" width=\"380\" height=\"500\" src=\"https:\/\/pszczela-biblioteczka.pl\/wp-content\/uploads\/2026\/01\/ii_19c108f300475d5537f1.jpg\" alt=\"\" class=\"wp-image-196\" style=\"border-radius:0px;object-fit:cover;width:380px;height:500px\" srcset=\"https:\/\/pszczela-biblioteczka.pl\/wp-content\/uploads\/2026\/01\/ii_19c108f300475d5537f1.jpg 380w, https:\/\/pszczela-biblioteczka.pl\/wp-content\/uploads\/2026\/01\/ii_19c108f300475d5537f1-228x300.jpg 228w\" sizes=\"auto, (max-width: 380px) 100vw, 380px\" \/><\/figure>\n\n\n\n<div class=\"wp-block-group has-global-padding is-layout-constrained wp-container-core-group-is-layout-85cc789f wp-block-group-is-layout-constrained\">\n<div class=\"wp-block-group has-global-padding is-layout-constrained wp-container-core-group-is-layout-19e250f3 wp-block-group-is-layout-constrained\">\n<h3 class=\"wp-block-heading has-text-align-left has-contrast-color has-text-color has-superbfont-medium-font-size\">Ania Bachniuk<\/h3>\n<\/div>\n\n\n\n<p class=\"has-text-align-left has-mono-2-color has-text-color has-superbfont-tiny-font-size\" style=\"margin-top:var(--wp--preset--spacing--superbspacing-xxsmall);margin-bottom:var(--wp--preset--spacing--superbspacing-xxsmall)\">Odwa\u017cy\u0142a si\u0119 zrobi\u0107 to, o czym wielu jedynie marzy \u2014 <strong>rzuci\u0142a wszystko i wyjecha\u0142a w Bieszczady<\/strong>, wybieraj\u0105c \u017cycie bli\u017cej natury, prostoty i autentycznych warto\u015bci. Wraz z m\u0119\u017cem stworzy\u0142a miejsce na ko\u0144cu \u015bwiata, gdzie codzienno\u015b\u0107 wyznacza rytm przyrody, a praca splata si\u0119 z pasj\u0105 do naturalnych produkt\u00f3w, tradycyjnych receptur i \u017cycia w duchu <em>slow life<\/em>.<\/p>\n\n\n\n<p class=\"has-text-align-left has-mono-2-color has-text-color has-superbfont-tiny-font-size\" style=\"margin-top:var(--wp--preset--spacing--superbspacing-xxsmall);margin-bottom:var(--wp--preset--spacing--superbspacing-xxsmall)\">Z dala od miejskiego zgie\u0142ku Ania konsekwentnie realizuje swoj\u0105 wizj\u0119 samowystarczalnego, spokojnego \u017cycia \u2014 z dala od po\u015bpiechu, za to blisko zwierz\u0105t, zi\u00f3\u0142, kuchni opartej na prostych sk\u0142adnikach i bieszczadzkiej ciszy. Swoimi do\u015bwiadczeniami, przepisami i refleksjami dzieli si\u0119 z innymi, inspiruj\u0105c do odwagi w podejmowaniu \u017cyciowych decyzji i do szukania w\u0142asnej drogi, nawet je\u015bli prowadzi ona daleko od utartych schemat\u00f3w.<\/p>\n<\/div>\n<\/div>\n\n\n\n<div class=\"wp-block-column is-vertically-aligned-top is-layout-flow wp-container-core-column-is-layout-db2cb278 wp-block-column-is-layout-flow\">\n<figure class=\"wp-block-image size-large is-resized has-custom-border\"><img decoding=\"async\" src=\"https:\/\/pszczela-biblioteczka.pl\/wp-content\/themes\/coach-mentor\/assets\/images\/team\/fitness.png\" alt=\"\" style=\"border-radius:0px;object-fit:cover;width:380px;height:500px\"\/><\/figure>\n\n\n\n<div class=\"wp-block-group has-global-padding is-layout-constrained wp-container-core-group-is-layout-85cc789f wp-block-group-is-layout-constrained\">\n<div class=\"wp-block-group has-global-padding is-layout-constrained wp-container-core-group-is-layout-19e250f3 wp-block-group-is-layout-constrained\">\n<h3 class=\"wp-block-heading has-text-align-left has-contrast-color has-text-color has-superbfont-medium-font-size\">Julia Gaw\u0119da<\/h3>\n<\/div>\n\n\n\n<p class=\"has-text-align-left has-mono-2-color has-text-color has-superbfont-tiny-font-size\" style=\"margin-top:var(--wp--preset--spacing--superbspacing-xxsmall);margin-bottom:var(--wp--preset--spacing--superbspacing-xxsmall)\">Autorka wielu bajek dla dzieci z kt\u00f3rych cz\u0119\u015b\u0107 jest o pszczo\u0142ach i tajemnicach pszczelego ula.<\/p>\n<\/div>\n<\/div>\n<\/div>\n<\/div>\n","protected":false},"excerpt":{"rendered":"<p>Nasi autorzy Naszym celem jest nie tylko wydawanie ksi\u0105\u017cek o wysokiej warto\u015bci merytorycznej, ale r\u00f3wnie\u017c wsp\u00f3\u0142praca z autorami, kt\u00f3rzy wnosz\u0105 do naszych publikacji co\u015b wyj\u0105tkowego i unikatowego. Starannie dobieramy autor\u00f3w, aby ka\u017cdy z nich mia\u0142 w\u0142asne, charakterystyczne podej\u015bcie do tematyki pszczelarskiej, co sprawia, \u017ce ich ksi\u0105\u017cki s\u0105 niepowtarzalne. Wierzymy, \u017ce autentyczna pasja i g\u0142\u0119boka wiedza [&hellip;]<\/p>\n","protected":false},"author":1,"featured_media":0,"parent":0,"menu_order":0,"comment_status":"closed","ping_status":"closed","template":"page-full-width","meta":{"footnotes":""},"class_list":["post-47","page","type-page","status-publish","hentry"],"_links":{"self":[{"href":"https:\/\/pszczela-biblioteczka.pl\/index.php\/wp-json\/wp\/v2\/pages\/47","targetHints":{"allow":["GET"]}}],"collection":[{"href":"https:\/\/pszczela-biblioteczka.pl\/index.php\/wp-json\/wp\/v2\/pages"}],"about":[{"href":"https:\/\/pszczela-biblioteczka.pl\/index.php\/wp-json\/wp\/v2\/types\/page"}],"author":[{"embeddable":true,"href":"https:\/\/pszczela-biblioteczka.pl\/index.php\/wp-json\/wp\/v2\/users\/1"}],"replies":[{"embeddable":true,"href":"https:\/\/pszczela-biblioteczka.pl\/index.php\/wp-json\/wp\/v2\/comments?post=47"}],"version-history":[{"count":12,"href":"https:\/\/pszczela-biblioteczka.pl\/index.php\/wp-json\/wp\/v2\/pages\/47\/revisions"}],"predecessor-version":[{"id":197,"href":"https:\/\/pszczela-biblioteczka.pl\/index.php\/wp-json\/wp\/v2\/pages\/47\/revisions\/197"}],"wp:attachment":[{"href":"https:\/\/pszczela-biblioteczka.pl\/index.php\/wp-json\/wp\/v2\/media?parent=47"}],"curies":[{"name":"wp","href":"https:\/\/api.w.org\/{rel}","templated":true}]}}