{"id":188,"date":"2026-01-05T19:00:45","date_gmt":"2026-01-05T18:00:45","guid":{"rendered":"https:\/\/pszczela-biblioteczka.pl\/?page_id=188"},"modified":"2026-01-05T19:02:10","modified_gmt":"2026-01-05T18:02:10","slug":"propolis-w-kardiologii","status":"publish","type":"page","link":"https:\/\/pszczela-biblioteczka.pl\/index.php\/propolis-w-kardiologii\/","title":{"rendered":""},"content":{"rendered":"\n<div class=\"wp-block-group alignfull has-mono-4-background-color has-background has-global-padding is-layout-constrained wp-container-core-group-is-layout-95d11315 wp-block-group-is-layout-constrained\" style=\"margin-top:0;margin-bottom:0;padding-top:var(--wp--preset--spacing--superbspacing-xxsmall);padding-right:var(--wp--preset--spacing--superbspacing-xsmall);padding-bottom:var(--wp--preset--spacing--superbspacing-xxsmall);padding-left:var(--wp--preset--spacing--superbspacing-xsmall)\">\n<h6 class=\"wp-block-heading has-text-align-left has-superbfont-large-font-size\" style=\"line-height:1.2\">Propolis w Kardiologii<\/h6>\n\n\n\n<div class=\"wp-block-columns alignwide is-layout-flex wp-container-core-columns-is-layout-25593187 wp-block-columns-is-layout-flex\">\n<div class=\"wp-block-column is-vertically-aligned-top is-layout-flow wp-container-core-column-is-layout-40a2a7e8 wp-block-column-is-layout-flow\" style=\"padding-right:0;padding-bottom:0;padding-left:0;flex-basis:300px\">\n<figure class=\"wp-block-image size-full has-custom-border\"><img loading=\"lazy\" decoding=\"async\" width=\"333\" height=\"500\" src=\"https:\/\/pszczela-biblioteczka.pl\/wp-content\/uploads\/2026\/01\/propolis-w-kardiologii.jpg\" alt=\"\" class=\"wp-image-186\" style=\"border-radius:0px\" srcset=\"https:\/\/pszczela-biblioteczka.pl\/wp-content\/uploads\/2026\/01\/propolis-w-kardiologii.jpg 333w, https:\/\/pszczela-biblioteczka.pl\/wp-content\/uploads\/2026\/01\/propolis-w-kardiologii-200x300.jpg 200w\" sizes=\"auto, (max-width: 333px) 100vw, 333px\" \/><\/figure>\n<\/div>\n\n\n\n<div class=\"wp-block-column is-vertically-aligned-top is-layout-flow wp-container-core-column-is-layout-a1628350 wp-block-column-is-layout-flow\" style=\"padding-top:0;padding-right:0;padding-bottom:0;padding-left:0\">\n<div class=\"wp-block-group is-layout-flow wp-container-core-group-is-layout-ff697075 wp-block-group-is-layout-flow\">\n<p class=\"has-text-align-left has-mono-2-color has-text-color has-link-color has-superbfont-xxsmall-font-size wp-elements-84ce35ffdbc47f658bd15bd08803eee2\">\u201ePropolis w kardiologii\u201d to obszerna i przemy\u015blana publikacja, kt\u00f3ra wprowadza czytelnika w \u015bwiat zdrowia serca z perspektywy rzadko spotykanej w literaturze popularnonaukowej. Autor \u0142\u0105czy do\u015bwiadczenie pacjenta kardiologicznego z wieloletni\u0105 praktyk\u0105 apiterapeutyczn\u0105, tworz\u0105c ksi\u0105\u017ck\u0119 opart\u0105 nie na obietnicach, lecz na zrozumieniu biologii organizmu i realnych proces\u00f3w zachodz\u0105cych w uk\u0142adzie kr\u0105\u017cenia.<\/p>\n\n\n\n<p class=\"has-mono-2-color has-text-color has-link-color has-superbfont-xxsmall-font-size wp-elements-f5174e6dcb7cb65e8c32ff966a7c821f\">Ksi\u0105\u017cka prowadzi czytelnika krok po kroku przez podstawy wsp\u00f3\u0142czesnej kardiologii \u2013 od prostego wyja\u015bnienia, jak dzia\u0142a serce i naczynia krwiono\u015bne, po z\u0142o\u017cone, ale klarownie opisane mechanizmy mia\u017cd\u017cycy, przewlek\u0142ego stanu zapalnego i stresu oksydacyjnego. Autor pokazuje, dlaczego choroby sercowo-naczyniowe nie s\u0105 efektem jednego czynnika, lecz wynikiem d\u0142ugotrwa\u0142ych proces\u00f3w zachodz\u0105cych w tle, cz\u0119sto przez wiele lat bez wyra\u017anych objaw\u00f3w.<\/p>\n\n\n\n<p class=\"has-mono-2-color has-text-color has-link-color has-superbfont-xxsmall-font-size wp-elements-0b0b3f4cb32b9c2481b78ed8a52c0f89\">Szczeg\u00f3lne miejsce zajmuje w ksi\u0105\u017cce propolis \u2013 kit pszczeli \u2013 przedstawiony nie jako \u201ecudowny \u015brodek\u201d, lecz jako z\u0142o\u017cona substancja biologiczna o potencjale wspieraj\u0105cym naturalne mechanizmy ochronne organizmu. Czytelnik dowiaduje si\u0119, jak powstaje propolis, dlaczego jego sk\u0142ad zale\u017cy od pochodzenia geograficznego oraz jakie znaczenie maj\u0105 zawarte w nim flawonoidy, kwasy fenolowe i inne zwi\u0105zki aktywne. Autor wyja\u015bnia te zagadnienia prostym j\u0119zykiem, bez nadmiaru terminologii, zachowuj\u0105c jednocze\u015bnie merytoryczn\u0105 precyzj\u0119.<\/p>\n\n\n\n<p class=\"has-mono-2-color has-text-color has-link-color has-superbfont-xxsmall-font-size wp-elements-1f5be56f4401fbaff16b808780a10b16\">Du\u017cym atutem publikacji jest wyra\u017ane oddzielenie fakt\u00f3w naukowych od mit\u00f3w. Ksi\u0105\u017cka nie zach\u0119ca do rezygnacji z leczenia farmakologicznego ani nie podwa\u017ca osi\u0105gni\u0119\u0107 nowoczesnej medycyny. Wr\u0119cz przeciwnie \u2013 podkre\u015bla rol\u0119 kardiologii akademickiej w ratowaniu \u017cycia i leczeniu ostrych stan\u00f3w, wskazuj\u0105c jednocze\u015bnie na obszar d\u0142ugofalowej profilaktyki i wspierania organizmu, w kt\u00f3rym produkty pszczele mog\u0105 mie\u0107 swoje rozs\u0105dne miejsce.<\/p>\n\n\n\n<p class=\"has-text-align-left has-mono-2-color has-text-color has-link-color has-superbfont-xxsmall-font-size wp-elements-7bcf0e6fddc9861370b78a393960ee85\">\u201ePropolis w kardiologii\u201d jest skierowana do os\u00f3b, kt\u00f3re chc\u0105 lepiej zrozumie\u0107 swoj\u0105 chorob\u0119, \u015bwiadomie dba\u0107 o serce i podejmowa\u0107 odpowiedzialne decyzje zdrowotne. To ksi\u0105\u017cka dla pacjent\u00f3w, ich bliskich oraz wszystkich zainteresowanych naturalnymi metodami wspierania organizmu, napisana spokojnym, rzeczowym tonem, bez sensacji i bez uproszcze\u0144.<\/p>\n<\/div>\n\n\n\n<div class=\"wp-block-buttons is-layout-flex wp-container-core-buttons-is-layout-69f3c5ca wp-block-buttons-is-layout-flex\">\n<div class=\"wp-block-button\"><a class=\"wp-block-button__link has-superbfont-small-font-size has-custom-font-size wp-element-button\" style=\"padding-top:var(--wp--preset--spacing--superbspacing-xsmall);padding-right:var(--wp--preset--spacing--superbspacing-xsmall);padding-bottom:var(--wp--preset--spacing--superbspacing-xsmall);padding-left:var(--wp--preset--spacing--superbspacing-xsmall)\">Gdzie kupi\u0107 \u2192<\/a><\/div>\n\n\n\n<div class=\"wp-block-button is-style-outline is-style-outline--1\"><a class=\"wp-block-button__link has-superbfont-small-font-size has-custom-font-size wp-element-button\" style=\"padding-top:var(--wp--preset--spacing--superbspacing-xsmall);padding-right:var(--wp--preset--spacing--superbspacing-xsmall);padding-bottom:var(--wp--preset--spacing--superbspacing-xsmall);padding-left:var(--wp--preset--spacing--superbspacing-xsmall)\">Oferta dla hurtowni i sklep\u00f3w<\/a><\/div>\n<\/div>\n<\/div>\n<\/div>\n<\/div>\n","protected":false},"excerpt":{"rendered":"<p>Propolis w Kardiologii \u201ePropolis w kardiologii\u201d to obszerna i przemy\u015blana publikacja, kt\u00f3ra wprowadza czytelnika w \u015bwiat zdrowia serca z perspektywy rzadko spotykanej w literaturze popularnonaukowej. Autor \u0142\u0105czy do\u015bwiadczenie pacjenta kardiologicznego z wieloletni\u0105 praktyk\u0105 apiterapeutyczn\u0105, tworz\u0105c ksi\u0105\u017ck\u0119 opart\u0105 nie na obietnicach, lecz na zrozumieniu biologii organizmu i realnych proces\u00f3w zachodz\u0105cych w uk\u0142adzie kr\u0105\u017cenia. Ksi\u0105\u017cka prowadzi czytelnika [&hellip;]<\/p>\n","protected":false},"author":1,"featured_media":0,"parent":0,"menu_order":0,"comment_status":"closed","ping_status":"closed","template":"","meta":{"footnotes":""},"class_list":["post-188","page","type-page","status-publish","hentry"],"_links":{"self":[{"href":"https:\/\/pszczela-biblioteczka.pl\/index.php\/wp-json\/wp\/v2\/pages\/188","targetHints":{"allow":["GET"]}}],"collection":[{"href":"https:\/\/pszczela-biblioteczka.pl\/index.php\/wp-json\/wp\/v2\/pages"}],"about":[{"href":"https:\/\/pszczela-biblioteczka.pl\/index.php\/wp-json\/wp\/v2\/types\/page"}],"author":[{"embeddable":true,"href":"https:\/\/pszczela-biblioteczka.pl\/index.php\/wp-json\/wp\/v2\/users\/1"}],"replies":[{"embeddable":true,"href":"https:\/\/pszczela-biblioteczka.pl\/index.php\/wp-json\/wp\/v2\/comments?post=188"}],"version-history":[{"count":3,"href":"https:\/\/pszczela-biblioteczka.pl\/index.php\/wp-json\/wp\/v2\/pages\/188\/revisions"}],"predecessor-version":[{"id":192,"href":"https:\/\/pszczela-biblioteczka.pl\/index.php\/wp-json\/wp\/v2\/pages\/188\/revisions\/192"}],"wp:attachment":[{"href":"https:\/\/pszczela-biblioteczka.pl\/index.php\/wp-json\/wp\/v2\/media?parent=188"}],"curies":[{"name":"wp","href":"https:\/\/api.w.org\/{rel}","templated":true}]}}