{"id":177,"date":"2026-01-05T18:47:12","date_gmt":"2026-01-05T17:47:12","guid":{"rendered":"https:\/\/pszczela-biblioteczka.pl\/?page_id=177"},"modified":"2026-01-30T21:46:25","modified_gmt":"2026-01-30T20:46:25","slug":"w-kuchni-z-ania-z-bieszczadzkiej-hecy","status":"publish","type":"page","link":"https:\/\/pszczela-biblioteczka.pl\/index.php\/w-kuchni-z-ania-z-bieszczadzkiej-hecy\/","title":{"rendered":""},"content":{"rendered":"\n<div class=\"wp-block-group alignfull has-mono-4-background-color has-background has-global-padding is-layout-constrained wp-container-core-group-is-layout-95d11315 wp-block-group-is-layout-constrained\" style=\"margin-top:0;margin-bottom:0;padding-top:var(--wp--preset--spacing--superbspacing-xxsmall);padding-right:var(--wp--preset--spacing--superbspacing-xsmall);padding-bottom:var(--wp--preset--spacing--superbspacing-xxsmall);padding-left:var(--wp--preset--spacing--superbspacing-xsmall)\">\n<h6 class=\"wp-block-heading has-text-align-left has-superbfont-large-font-size\" style=\"line-height:1.2\">W kuchni z Ani\u0105 z Bieszczadzkiej Hecy<\/h6>\n\n\n\n<div class=\"wp-block-columns alignwide is-layout-flex wp-container-core-columns-is-layout-25593187 wp-block-columns-is-layout-flex\">\n<div class=\"wp-block-column is-vertically-aligned-top is-layout-flow wp-container-core-column-is-layout-40a2a7e8 wp-block-column-is-layout-flow\" style=\"padding-right:0;padding-bottom:0;padding-left:0;flex-basis:300px\">\n<figure class=\"wp-block-image size-full has-custom-border\"><img loading=\"lazy\" decoding=\"async\" width=\"333\" height=\"500\" src=\"https:\/\/pszczela-biblioteczka.pl\/wp-content\/uploads\/2026\/01\/w_kuchni_z_ania.jpg\" alt=\"\" class=\"wp-image-172\" style=\"border-radius:0px\" srcset=\"https:\/\/pszczela-biblioteczka.pl\/wp-content\/uploads\/2026\/01\/w_kuchni_z_ania.jpg 333w, https:\/\/pszczela-biblioteczka.pl\/wp-content\/uploads\/2026\/01\/w_kuchni_z_ania-200x300.jpg 200w\" sizes=\"auto, (max-width: 333px) 100vw, 333px\" \/><\/figure>\n<\/div>\n\n\n\n<div class=\"wp-block-column is-vertically-aligned-top is-layout-flow wp-container-core-column-is-layout-a1628350 wp-block-column-is-layout-flow\" style=\"padding-top:0;padding-right:0;padding-bottom:0;padding-left:0\">\n<div class=\"wp-block-group is-layout-flow wp-container-core-group-is-layout-ff697075 wp-block-group-is-layout-flow\">\n<p class=\"has-text-align-left has-mono-2-color has-text-color has-link-color has-superbfont-xxsmall-font-size wp-elements-79d9f210e11cb3079fecc438bb5f1bc2\">Je\u015bli t\u0119sknisz za kuchni\u0105, w kt\u00f3rej liczy si\u0119 zapach \u015bwie\u017co pieczonego chleba, ciep\u0142o domowego garnka i spok\u00f3j gotowania bez po\u015bpiechu, ksi\u0105\u017cka <strong>\u201eW kuchni z Ani\u0105 z Bieszczadzkiej Hecy\u201d<\/strong> jest pozycj\u0105 stworzon\u0105 w\u0142a\u015bnie dla Ciebie. To wyj\u0105tkowa kulinarna opowie\u015b\u0107 prosto z serca Bieszczad, gdzie codzienno\u015b\u0107 wyznacza rytm natury, a jedzenie powstaje z potrzeby prostoty, smaku i \u017cycia w zgodzie z otoczeniem.<\/p>\n\n\n\n<p class=\"has-mono-2-color has-text-color has-link-color has-superbfont-xxsmall-font-size wp-elements-9c9d486da854dd767c037d2fdd4a295d\">Ta ksi\u0105\u017cka to znacznie wi\u0119cej ni\u017c zbi\u00f3r przepis\u00f3w. Autorka zaprasza czytelnika do swojej kuchni \u2013 miejsca, w kt\u00f3rym gotowanie jest naturalnym elementem codzienno\u015bci i sposobem na bycie tu i teraz. Krok po kroku pokazuje, jak z prostych, \u0142atwo dost\u0119pnych sk\u0142adnik\u00f3w przygotowa\u0107 dania syc\u0105ce, aromatyczne i pe\u0142ne domowego charakteru. Znajdziesz tu klasyczne potrawy obiadowe, zupy, wypieki, przetwory, dania wigilijne, a tak\u017ce szybkie propozycje na zwyk\u0142e dni, gdy chce si\u0119 zje\u015b\u0107 co\u015b dobrego, bez zb\u0119dnego komplikowania.<\/p>\n\n\n\n<p class=\"has-mono-2-color has-text-color has-link-color has-superbfont-xxsmall-font-size wp-elements-367804c7aac067267aa63af841b62e5b\">Ka\u017cdy przepis opatrzony jest osobistym komentarzem, wspomnieniem lub kr\u00f3tk\u0105 histori\u0105, kt\u00f3re nadaj\u0105 tej ksi\u0105\u017cce wyj\u0105tkowo ciep\u0142y, autentyczny charakter. Autorka dzieli si\u0119 swoim do\u015bwiadczeniem \u017cycia z dala od miasta, pokazuj\u0105c, \u017ce dobra kuchnia nie wymaga egzotycznych produkt\u00f3w ani kulinarnej perfekcji, lecz uwa\u017cno\u015bci, cierpliwo\u015bci i szacunku do prostych sk\u0142adnik\u00f3w. To kuchnia, w kt\u00f3rej liczy si\u0119 smak, zapach i rado\u015b\u0107 z gotowania, a nie wy\u015bcig z czasem.<\/p>\n\n\n\n<p class=\"has-mono-2-color has-text-color has-link-color has-superbfont-xxsmall-font-size wp-elements-a9cafe2b46f78351f75a1f017947b46b\">\u201eW kuchni z Ani\u0105 z Bieszczadzkiej Hecy\u201d to r\u00f3wnie\u017c zaproszenie do zwolnienia tempa i powrotu do kulinarnych korzeni. Ksi\u0105\u017cka inspiruje do korzystania z sezonowo\u015bci, domowych zapas\u00f3w i naturalnych metod przygotowywania potraw. Pokazuje, \u017ce gotowanie mo\u017ce by\u0107 form\u0105 odpoczynku, sposobem na budowanie rodzinnych rytua\u0142\u00f3w i chwil\u0105 wytchnienia od codziennego po\u015bpiechu.<\/p>\n\n\n\n<p class=\"has-text-align-left has-mono-2-color has-text-color has-link-color has-superbfont-xxsmall-font-size wp-elements-3999080ed86126465b50fecc7bd10445\">To idealna pozycja dla os\u00f3b, kt\u00f3re ceni\u0105 domow\u0105 kuchni\u0119, autentyczno\u015b\u0107 i prostot\u0119, a tak\u017ce dla tych, kt\u00f3rzy marz\u0105 o cho\u0107by symbolicznym przeniesieniu si\u0119 w Bieszczady \u2013 do kuchni, w kt\u00f3rej czas p\u0142ynie wolniej, a jedzenie smakuje jak dawniej.<\/p>\n<\/div>\n<\/div>\n<\/div>\n<\/div>\n","protected":false},"excerpt":{"rendered":"<p>W kuchni z Ani\u0105 z Bieszczadzkiej Hecy Je\u015bli t\u0119sknisz za kuchni\u0105, w kt\u00f3rej liczy si\u0119 zapach \u015bwie\u017co pieczonego chleba, ciep\u0142o domowego garnka i spok\u00f3j gotowania bez po\u015bpiechu, ksi\u0105\u017cka \u201eW kuchni z Ani\u0105 z Bieszczadzkiej Hecy\u201d jest pozycj\u0105 stworzon\u0105 w\u0142a\u015bnie dla Ciebie. To wyj\u0105tkowa kulinarna opowie\u015b\u0107 prosto z serca Bieszczad, gdzie codzienno\u015b\u0107 wyznacza rytm natury, a [&hellip;]<\/p>\n","protected":false},"author":1,"featured_media":0,"parent":0,"menu_order":0,"comment_status":"closed","ping_status":"closed","template":"","meta":{"footnotes":""},"class_list":["post-177","page","type-page","status-publish","hentry"],"_links":{"self":[{"href":"https:\/\/pszczela-biblioteczka.pl\/index.php\/wp-json\/wp\/v2\/pages\/177","targetHints":{"allow":["GET"]}}],"collection":[{"href":"https:\/\/pszczela-biblioteczka.pl\/index.php\/wp-json\/wp\/v2\/pages"}],"about":[{"href":"https:\/\/pszczela-biblioteczka.pl\/index.php\/wp-json\/wp\/v2\/types\/page"}],"author":[{"embeddable":true,"href":"https:\/\/pszczela-biblioteczka.pl\/index.php\/wp-json\/wp\/v2\/users\/1"}],"replies":[{"embeddable":true,"href":"https:\/\/pszczela-biblioteczka.pl\/index.php\/wp-json\/wp\/v2\/comments?post=177"}],"version-history":[{"count":6,"href":"https:\/\/pszczela-biblioteczka.pl\/index.php\/wp-json\/wp\/v2\/pages\/177\/revisions"}],"predecessor-version":[{"id":198,"href":"https:\/\/pszczela-biblioteczka.pl\/index.php\/wp-json\/wp\/v2\/pages\/177\/revisions\/198"}],"wp:attachment":[{"href":"https:\/\/pszczela-biblioteczka.pl\/index.php\/wp-json\/wp\/v2\/media?parent=177"}],"curies":[{"name":"wp","href":"https:\/\/api.w.org\/{rel}","templated":true}]}}