{"id":133,"date":"2024-10-24T21:32:19","date_gmt":"2024-10-24T19:32:19","guid":{"rendered":"https:\/\/pszczela-biblioteczka.pl\/?page_id=133"},"modified":"2026-01-05T18:46:45","modified_gmt":"2026-01-05T17:46:45","slug":"strona-glowna","status":"publish","type":"page","link":"https:\/\/pszczela-biblioteczka.pl\/index.php\/strona-glowna\/","title":{"rendered":""},"content":{"rendered":"\n<div class=\"wp-block-group alignfull has-mono-4-background-color has-background has-global-padding is-layout-constrained wp-container-core-group-is-layout-24d5f207 wp-block-group-is-layout-constrained\" style=\"margin-top:0;margin-bottom:0;padding-top:var(--wp--preset--spacing--superbspacing-xxsmall);padding-right:var(--wp--preset--spacing--superbspacing-xsmall);padding-bottom:var(--wp--preset--spacing--superbspacing-xxsmall);padding-left:var(--wp--preset--spacing--superbspacing-xsmall)\">\n<h2 class=\"wp-block-heading has-text-align-center has-contrast-color has-text-color has-superbfont-xlarge-font-size\">Pszczela Biblioteczka<\/h2>\n\n\n\n<p class=\"has-mono-2-color has-text-color has-link-color has-superbfont-xxsmall-font-size wp-elements-a84d0959701b89e1f78f36f3e8da9318\">Jest nam niezmiernie mi\u0142o, \u017ce zainteresowa\u0142e\u015b si\u0119 naszym wydawnictwem oraz ksi\u0105\u017ckami, kt\u00f3re do tej pory wydali\u015bmy. Cieszymy si\u0119, \u017ce nasza praca przyci\u0105ga uwag\u0119 os\u00f3b pasjonuj\u0105cych si\u0119 pszczelarstwem, jak i tych, kt\u00f3re dopiero zaczynaj\u0105 swoj\u0105 przygod\u0119 z t\u0105 tematyk\u0105. Ka\u017cda wydana przez nas pozycja to efekt nie tylko naszej pracy, ale tak\u017ce zaanga\u017cowania autor\u00f3w, kt\u00f3rzy z pasj\u0105 dziel\u0105 si\u0119 swoj\u0105 wiedz\u0105 i do\u015bwiadczeniem.<\/p>\n\n\n\n<p class=\"has-mono-2-color has-text-color has-link-color has-superbfont-xxsmall-font-size wp-elements-f570d8d6aa8d813cd4c9ffe7eeaf9809\">R\u00f3wnie\u017c nasze plany wydawnicze na najbli\u017csze lata s\u0105 pe\u0142ne ekscytuj\u0105cych projekt\u00f3w, nad kt\u00f3rymi intensywnie pracujemy. Z rado\u015bci\u0105 b\u0119dziemy prezentowa\u0107 kolejne tytu\u0142y, kt\u00f3re wzbogac\u0105 nasz\u0105 ofert\u0119 o nowe, unikatowe spojrzenia na pszczelarstwo, produkty pszczele i wiele innych temat\u00f3w zwi\u0105zanych z natur\u0105 oraz przetw\u00f3rstwem. Mamy nadziej\u0119, \u017ce b\u0119dziesz z nami na tej drodze i \u017ce nasza oferta wydawnicza spotka si\u0119 z Twoim zainteresowaniem r\u00f3wnie\u017c w przysz\u0142o\u015bci.<\/p>\n\n\n\n<div class=\"wp-block-group has-mono-4-background-color has-background has-global-padding is-layout-constrained wp-container-core-group-is-layout-19e5ab18 wp-block-group-is-layout-constrained\" style=\"margin-top:var(--wp--preset--spacing--superbspacing-small);margin-bottom:var(--wp--preset--spacing--superbspacing-small);padding-top:var(--wp--preset--spacing--superbspacing-xxsmall);padding-right:var(--wp--preset--spacing--superbspacing-xsmall);padding-bottom:var(--wp--preset--spacing--superbspacing-xxsmall);padding-left:var(--wp--preset--spacing--superbspacing-xsmall)\">\n<div class=\"wp-block-columns is-layout-flex wp-container-core-columns-is-layout-28f84493 wp-block-columns-is-layout-flex\">\n<div class=\"wp-block-column is-layout-flow wp-block-column-is-layout-flow\" style=\"flex-basis:2%\">\n<p class=\"has-superbfont-medium-font-size\"><i class=\"fa-solid fa-pen-nib\"><\/i><\/p>\n<\/div>\n\n\n\n<div class=\"wp-block-column is-layout-flow wp-block-column-is-layout-flow\" style=\"flex-basis:66.66%\">\n<h3 class=\"wp-block-heading has-text-align-left has-mono-1-color has-text-color has-link-color has-superbfont-medium-font-size wp-elements-46ff3d32f9776764147dcaeee6584ca1\" style=\"margin-top:0;margin-bottom:0\"><a href=\"https:\/\/pszczela-biblioteczka.pl\/index.php\/nasi-autorzy\/\" data-type=\"page\" data-id=\"47\">Nasi autorzy<\/a><\/h3>\n<\/div>\n<\/div>\n\n\n\n<p class=\"has-text-align-left has-mono-2-color has-text-color has-superbfont-xxsmall-font-size\" style=\"margin-top:var(--wp--preset--spacing--superbspacing-xxsmall);margin-bottom:0\">W gronie naszych autor\u00f3w znajduj\u0105 si\u0119 osoby doskonale znane w \u015bwiecie pszczelarskim, kt\u00f3re z pasj\u0105 i zaanga\u017cowaniem propaguj\u0105 pszczelarstwo poprzez media spo\u0142eczno\u015bciowe. To ludzie, kt\u00f3rzy przez lata zdobywali do\u015bwiadczenie nie tylko w praktyce pszczelarskiej, ale tak\u017ce w dzieleniu si\u0119 swoj\u0105 wiedz\u0105 i mi\u0142o\u015bci\u0105 do pszcz\u00f3\u0142 z szerok\u0105 publiczno\u015bci\u0105. Ich popularno\u015b\u0107 w takich kana\u0142ach jak YouTube, Instagram czy Facebook sprawi\u0142a, \u017ce sta\u0142y si\u0119 inspiracj\u0105 dla wielu pocz\u0105tkuj\u0105cych pszczelarzy, a tak\u017ce cennym \u017ar\u00f3d\u0142em informacji dla tych bardziej zaawansowanych.<\/p>\n\n\n\n<p class=\"has-mono-2-color has-text-color has-link-color has-superbfont-xxsmall-font-size wp-elements-ff97efcae70f8aed338ed297fac42e06\">Zapraszamy do lektury dzie\u0142 tworzonych przez tych nowoczesnych propagator\u00f3w pszczelarskiej pasji, kt\u00f3rzy poprzez swoj\u0105 dzia\u0142alno\u015b\u0107 w mediach spo\u0142eczno\u015bciowych pokazuj\u0105, \u017ce pszczelarstwo to co\u015b wi\u0119cej ni\u017c hobby \u2013 to styl \u017cycia, bliski naturze, pe\u0142en wyzwa\u0144 i satysfakcji.<\/p>\n<\/div>\n\n\n\n<div class=\"wp-block-group has-mono-4-background-color has-background has-global-padding is-layout-constrained wp-container-core-group-is-layout-19e5ab18 wp-block-group-is-layout-constrained\" style=\"margin-top:var(--wp--preset--spacing--superbspacing-small);margin-bottom:var(--wp--preset--spacing--superbspacing-small);padding-top:var(--wp--preset--spacing--superbspacing-xxsmall);padding-right:var(--wp--preset--spacing--superbspacing-xsmall);padding-bottom:var(--wp--preset--spacing--superbspacing-xxsmall);padding-left:var(--wp--preset--spacing--superbspacing-xsmall)\">\n<div class=\"wp-block-columns is-layout-flex wp-container-core-columns-is-layout-28f84493 wp-block-columns-is-layout-flex\">\n<div class=\"wp-block-column is-layout-flow wp-block-column-is-layout-flow\" style=\"flex-basis:2%\">\n<p class=\"has-superbfont-medium-font-size\"><i class=\"fa-solid fa-book-open-reader\"><\/i><\/p>\n<\/div>\n\n\n\n<div class=\"wp-block-column is-layout-flow wp-block-column-is-layout-flow\" style=\"flex-basis:66.66%\">\n<h3 class=\"wp-block-heading has-text-align-left has-mono-1-color has-text-color has-link-color has-superbfont-medium-font-size wp-elements-56f1b166ea70a4b50dcebe501c9382b7\" style=\"margin-top:0;margin-bottom:0\">Nasze wydawnictwo<\/h3>\n<\/div>\n<\/div>\n\n\n\n<p class=\"has-text-align-left has-mono-2-color has-text-color has-superbfont-xxsmall-font-size\" style=\"margin-top:var(--wp--preset--spacing--superbspacing-xxsmall);margin-bottom:0\"><strong>Pszczela Biblioteczka<\/strong> to ma\u0142e, ale pr\u0119\u017cnie rozwijaj\u0105ce si\u0119 wydawnictwo, kt\u00f3re zrodzi\u0142o si\u0119 z pasji do pszcz\u00f3\u0142 i pszczelarstwa. Skupiamy si\u0119 na dostarczaniu wysokiej jako\u015bci tre\u015bci zwi\u0105zanych z szeroko poj\u0119t\u0105 tematyk\u0105 pszczelarsk\u0105, skierowanych zar\u00f3wno do os\u00f3b stawiaj\u0105cych pierwsze kroki w tym fascynuj\u0105cym \u015bwiecie, jak i do do\u015bwiadczonych pszczelarzy poszukuj\u0105cych inspiracji oraz pog\u0142\u0119bionej wiedzy.<\/p>\n\n\n\n<p class=\"has-mono-2-color has-text-color has-link-color has-superbfont-xxsmall-font-size wp-elements-d2cde67008fb99132b27de3de156be3f\">Nasze ksi\u0105\u017cki obejmuj\u0105 szeroki zakres zagadnie\u0144, od biologii pszcz\u00f3\u0142, poprzez praktyczne porady dotycz\u0105ce prowadzenia pasieki, a\u017c po szczeg\u00f3\u0142owe przewodniki o produktach pszczelich i ich przetwarzaniu. Znajdziesz tu r\u00f3wnie\u017c pozycje po\u015bwi\u0119cone sztuce miodosytnictwa oraz wyj\u0105tkowe przepisy i techniki wykorzystywania produkt\u00f3w z ula w codziennym \u017cyciu.<\/p>\n<\/div>\n\n\n\n<div class=\"wp-block-group has-mono-4-background-color has-background has-global-padding is-layout-constrained wp-container-core-group-is-layout-19e5ab18 wp-block-group-is-layout-constrained\" style=\"margin-top:var(--wp--preset--spacing--superbspacing-small);margin-bottom:var(--wp--preset--spacing--superbspacing-small);padding-top:var(--wp--preset--spacing--superbspacing-xxsmall);padding-right:var(--wp--preset--spacing--superbspacing-xsmall);padding-bottom:var(--wp--preset--spacing--superbspacing-xxsmall);padding-left:var(--wp--preset--spacing--superbspacing-xsmall)\">\n<div class=\"wp-block-columns is-layout-flex wp-container-core-columns-is-layout-28f84493 wp-block-columns-is-layout-flex\">\n<div class=\"wp-block-column is-layout-flow wp-block-column-is-layout-flow\" style=\"flex-basis:2%\">\n<p class=\"has-superbfont-medium-font-size\"><i class=\"fa-solid fa-book\"><\/i><\/p>\n<\/div>\n\n\n\n<div class=\"wp-block-column is-layout-flow wp-block-column-is-layout-flow\" style=\"flex-basis:66.66%\">\n<h3 class=\"wp-block-heading has-text-align-left has-mono-1-color has-text-color has-link-color has-superbfont-medium-font-size wp-elements-c35f79ed974aa891a3d5637ecc56ba2c\" style=\"margin-top:0;margin-bottom:0\"><a href=\"https:\/\/pszczela-biblioteczka.pl\/index.php\/nasze-ksiazki\/\" data-type=\"page\" data-id=\"51\">Nasze ksi\u0105\u017cki<\/a><\/h3>\n<\/div>\n<\/div>\n\n\n\n<p class=\"has-text-align-left has-mono-2-color has-text-color has-superbfont-xxsmall-font-size\" style=\"margin-top:var(--wp--preset--spacing--superbspacing-xxsmall);margin-bottom:0\">Jako m\u0142ode wydawnictwo, mamy pe\u0142n\u0105 \u015bwiadomo\u015b\u0107 konkurencyjno\u015bci rynku, ale to w\u0142a\u015bnie nasza \u015bwie\u017co\u015b\u0107 i innowacyjne podej\u015bcie pozwala nam tworzy\u0107 ksi\u0105\u017cki, kt\u00f3re wyr\u00f3\u017cniaj\u0105 si\u0119 na tle innych. Stawiamy na unikalno\u015b\u0107 i jako\u015b\u0107, wsp\u00f3\u0142pracuj\u0105c z autorami, kt\u00f3rzy maj\u0105 nowoczesne spojrzenie na pszczelarstwo, ale jednocze\u015bnie czerpi\u0105 z tradycji i wiedzy przekazywanej przez pokolenia. Dzi\u0119ki temu, nasza oferta zyskuje na r\u00f3\u017cnorodno\u015bci, a odbiorcy mog\u0105 liczy\u0107 na interesuj\u0105ce tre\u015bci, kt\u00f3re nie tylko edukuj\u0105, ale r\u00f3wnie\u017c wzbogacaj\u0105 do\u015bwiadczenie obcowania z natur\u0105 i pszczelarstwem.<\/p>\n<\/div>\n\n\n\n<div class=\"wp-block-group has-mono-4-background-color has-background has-global-padding is-layout-constrained wp-container-core-group-is-layout-19e5ab18 wp-block-group-is-layout-constrained\" style=\"margin-top:var(--wp--preset--spacing--superbspacing-small);margin-bottom:var(--wp--preset--spacing--superbspacing-small);padding-top:var(--wp--preset--spacing--superbspacing-xxsmall);padding-right:var(--wp--preset--spacing--superbspacing-xsmall);padding-bottom:var(--wp--preset--spacing--superbspacing-xxsmall);padding-left:var(--wp--preset--spacing--superbspacing-xsmall)\">\n<div class=\"wp-block-columns is-layout-flex wp-container-core-columns-is-layout-28f84493 wp-block-columns-is-layout-flex\">\n<div class=\"wp-block-column is-layout-flow wp-block-column-is-layout-flow\" style=\"flex-basis:2%\">\n<p class=\"has-superbfont-medium-font-size\"><i class=\"fa-solid fa-file-circle-question\"><\/i><\/p>\n<\/div>\n\n\n\n<div class=\"wp-block-column is-layout-flow wp-block-column-is-layout-flow\" style=\"flex-basis:66.66%\">\n<h3 class=\"wp-block-heading has-text-align-left has-mono-1-color has-text-color has-link-color has-superbfont-medium-font-size wp-elements-117c7644b3615c8400de1329873d1e77\" style=\"margin-top:0;margin-bottom:0\">Nasze plany<\/h3>\n<\/div>\n<\/div>\n\n\n\n<p class=\"has-text-align-left has-mono-2-color has-text-color has-superbfont-xxsmall-font-size\" style=\"margin-top:var(--wp--preset--spacing--superbspacing-xxsmall);margin-bottom:0\">Naszym celem jest nie tylko przekazywanie wiedzy, ale tak\u017ce inspirowanie do odkrywania nowych aspekt\u00f3w pszczelarstwa i przetw\u00f3rstwa produkt\u00f3w pszczelich. Dlatego stale poszukujemy temat\u00f3w, kt\u00f3re odpowiadaj\u0105 na aktualne potrzeby pszczelarzy, a tak\u017ce \u015bledzimy nowinki i innowacje w tej dziedzinie. Chcemy, aby nasze przysz\u0142e publikacje nie tylko edukowa\u0142y, ale r\u00f3wnie\u017c wzbudza\u0142y ciekawo\u015b\u0107 i zach\u0119ca\u0142y do dalszego zg\u0142\u0119biania tajnik\u00f3w pracy z pszczo\u0142ami.<\/p>\n<\/div>\n<\/div>\n","protected":false},"excerpt":{"rendered":"<p>Pszczela Biblioteczka Jest nam niezmiernie mi\u0142o, \u017ce zainteresowa\u0142e\u015b si\u0119 naszym wydawnictwem oraz ksi\u0105\u017ckami, kt\u00f3re do tej pory wydali\u015bmy. Cieszymy si\u0119, \u017ce nasza praca przyci\u0105ga uwag\u0119 os\u00f3b pasjonuj\u0105cych si\u0119 pszczelarstwem, jak i tych, kt\u00f3re dopiero zaczynaj\u0105 swoj\u0105 przygod\u0119 z t\u0105 tematyk\u0105. Ka\u017cda wydana przez nas pozycja to efekt nie tylko naszej pracy, ale tak\u017ce zaanga\u017cowania autor\u00f3w, [&hellip;]<\/p>\n","protected":false},"author":1,"featured_media":0,"parent":0,"menu_order":0,"comment_status":"closed","ping_status":"closed","template":"page-full-width","meta":{"footnotes":""},"class_list":["post-133","page","type-page","status-publish","hentry"],"_links":{"self":[{"href":"https:\/\/pszczela-biblioteczka.pl\/index.php\/wp-json\/wp\/v2\/pages\/133","targetHints":{"allow":["GET"]}}],"collection":[{"href":"https:\/\/pszczela-biblioteczka.pl\/index.php\/wp-json\/wp\/v2\/pages"}],"about":[{"href":"https:\/\/pszczela-biblioteczka.pl\/index.php\/wp-json\/wp\/v2\/types\/page"}],"author":[{"embeddable":true,"href":"https:\/\/pszczela-biblioteczka.pl\/index.php\/wp-json\/wp\/v2\/users\/1"}],"replies":[{"embeddable":true,"href":"https:\/\/pszczela-biblioteczka.pl\/index.php\/wp-json\/wp\/v2\/comments?post=133"}],"version-history":[{"count":17,"href":"https:\/\/pszczela-biblioteczka.pl\/index.php\/wp-json\/wp\/v2\/pages\/133\/revisions"}],"predecessor-version":[{"id":157,"href":"https:\/\/pszczela-biblioteczka.pl\/index.php\/wp-json\/wp\/v2\/pages\/133\/revisions\/157"}],"wp:attachment":[{"href":"https:\/\/pszczela-biblioteczka.pl\/index.php\/wp-json\/wp\/v2\/media?parent=133"}],"curies":[{"name":"wp","href":"https:\/\/api.w.org\/{rel}","templated":true}]}}