{"id":114,"date":"2024-10-24T16:38:54","date_gmt":"2024-10-24T14:38:54","guid":{"rendered":"https:\/\/pszczela-biblioteczka.pl\/?page_id=114"},"modified":"2026-01-05T18:46:45","modified_gmt":"2026-01-05T17:46:45","slug":"miod-pitny-prosty-poradnik","status":"publish","type":"page","link":"https:\/\/pszczela-biblioteczka.pl\/index.php\/miod-pitny-prosty-poradnik\/","title":{"rendered":""},"content":{"rendered":"\n<div class=\"wp-block-group alignfull has-mono-4-background-color has-background has-global-padding is-layout-constrained wp-container-core-group-is-layout-95d11315 wp-block-group-is-layout-constrained\" style=\"margin-top:0;margin-bottom:0;padding-top:var(--wp--preset--spacing--superbspacing-xxsmall);padding-right:var(--wp--preset--spacing--superbspacing-xsmall);padding-bottom:var(--wp--preset--spacing--superbspacing-xxsmall);padding-left:var(--wp--preset--spacing--superbspacing-xsmall)\">\n<h6 class=\"wp-block-heading has-text-align-left has-superbfont-large-font-size\" style=\"line-height:1.2\">Mi\u00f3d pitny. Prosty poradnik przyrz\u0105dzania staropolskich trunk\u00f3w.<\/h6>\n\n\n\n<div class=\"wp-block-columns alignwide is-layout-flex wp-container-core-columns-is-layout-25593187 wp-block-columns-is-layout-flex\">\n<div class=\"wp-block-column is-vertically-aligned-top is-layout-flow wp-container-core-column-is-layout-40a2a7e8 wp-block-column-is-layout-flow\" style=\"padding-right:0;padding-bottom:0;padding-left:0;flex-basis:300px\">\n<figure class=\"wp-block-image size-full has-custom-border\"><img loading=\"lazy\" decoding=\"async\" width=\"333\" height=\"500\" src=\"https:\/\/pszczela-biblioteczka.pl\/wp-content\/uploads\/2024\/10\/miodpitny.jpg\" alt=\"\" class=\"wp-image-57\" style=\"border-radius:0px\" srcset=\"https:\/\/pszczela-biblioteczka.pl\/wp-content\/uploads\/2024\/10\/miodpitny.jpg 333w, https:\/\/pszczela-biblioteczka.pl\/wp-content\/uploads\/2024\/10\/miodpitny-200x300.jpg 200w\" sizes=\"auto, (max-width: 333px) 100vw, 333px\" \/><\/figure>\n<\/div>\n\n\n\n<div class=\"wp-block-column is-vertically-aligned-top is-layout-flow wp-container-core-column-is-layout-a1628350 wp-block-column-is-layout-flow\" style=\"padding-top:0;padding-right:0;padding-bottom:0;padding-left:0\">\n<div class=\"wp-block-group is-layout-flow wp-container-core-group-is-layout-ff697075 wp-block-group-is-layout-flow\">\n<p class=\"has-text-align-left has-mono-2-color has-text-color has-link-color has-superbfont-xxsmall-font-size wp-elements-5ea28841b7ac9c47f02dfed77e753328\">Je\u015bli fascynuje Ci\u0119 \u015bwiat miod\u00f3w pitnych i chcesz zg\u0142\u0119bi\u0107 tajniki ich produkcji, to poradnik \u201eMi\u00f3d Pitny. Prosty poradnik przyrz\u0105dzania staropolskich trunk\u00f3w.\u201d jest pozycj\u0105, kt\u00f3rej nie mo\u017cesz przegapi\u0107. Ta obszerna ksi\u0105\u017cka to prawdziwa kopalnia wiedzy dla wszystkich, kt\u00f3rzy marz\u0105 o stworzeniu w\u0142asnych trunk\u00f3w, zar\u00f3wno pocz\u0105tkuj\u0105cych, jak i bardziej do\u015bwiadczonych miodosytnik\u00f3w.<\/p>\n\n\n\n<p class=\"has-mono-2-color has-text-color has-link-color has-superbfont-xxsmall-font-size wp-elements-37b7ec966132d9e690e9dfdbada6284a\">W poradniku znajdziesz wszystko, co niezb\u0119dne, aby zacz\u0105\u0107 przygod\u0119 z miodosytnictwem. Autor wprowadzi Ci\u0119 krok po kroku w proces produkcji miod\u00f3w pitnych \u2013 od wyboru odpowiednich sk\u0142adnik\u00f3w, takich jak mi\u00f3d i dro\u017cd\u017ce, przez przygotowanie brzeczki, a\u017c po proces fermentacji, dojrzewania i butelkowania gotowego trunku. Dzi\u0119ki jasnym i zrozumia\u0142ym instrukcjom, nawet osoby bez wcze\u015bniejszego do\u015bwiadczenia wytworz\u0105 mi\u00f3d pitny, kt\u00f3ry zachwyci g\u0142\u0119bi\u0105 smaku i aromatu.<\/p>\n\n\n\n<p class=\"has-mono-2-color has-text-color has-link-color has-superbfont-xxsmall-font-size wp-elements-e5d9cfadb12bd50ac6313295bb2158e3\">Jednak ta ksi\u0105\u017cka to nie tylko praktyczny poradnik. To tak\u017ce podr\u00f3\u017c przez histori\u0119 miod\u00f3w pitnych, napoju uwielbianego przez staro\u017cytnych bog\u00f3w i kr\u00f3l\u00f3w, kt\u00f3ry od wiek\u00f3w towarzyszy\u0142 ludzko\u015bci na wyj\u0105tkowych ucztach i ceremoniach. Odkryjesz, jak powstawa\u0142y pierwsze miody pitne, jak zmienia\u0142y si\u0119 receptury na przestrzeni wiek\u00f3w oraz jakie znaczenie mia\u0142y w r\u00f3\u017cnych kulturach.<\/p>\n\n\n\n<p class=\"has-mono-2-color has-text-color has-link-color has-superbfont-xxsmall-font-size wp-elements-80dc32658f3d9e86f0f48b40f1b4d95b\">Dla tych, kt\u00f3rzy lubi\u0105 eksperymentowa\u0107, autor przygotowa\u0142 liczne przepisy \u2013 od klasycznych p\u00f3\u0142torak\u00f3w, tr\u00f3jniak\u00f3w i czw\u00f3rniak\u00f3w, a\u017c po nowoczesne interpretacje z dodatkiem owoc\u00f3w, zi\u00f3\u0142 czy przypraw. Zdradza r\u00f3wnie\u017c tajniki, jak osi\u0105gn\u0105\u0107 idealny balans smak\u00f3w i aromat\u00f3w, by stworzy\u0107 mi\u00f3d pitny, kt\u00f3ry zaskoczy nawet najbardziej wymagaj\u0105ce podniebienia. Znajdziesz tu r\u00f3wnie\u017c porady na temat doboru odpowiedniego sprz\u0119tu oraz jak unika\u0107 typowych b\u0142\u0119d\u00f3w, kt\u00f3re mog\u0105 zepsu\u0107 efekt ko\u0144cowy.<\/p>\n\n\n\n<p class=\"has-mono-2-color has-text-color has-link-color has-superbfont-xxsmall-font-size wp-elements-b19d2fe42ebf6f1559725c105fa0b98e\">Dzi\u0119ki temu poradnikowi dowiesz si\u0119 tak\u017ce, jak wytwarza\u0107 miody pitne zar\u00f3wno metod\u0105 sycon\u0105, jak i niesycon\u0105, jakie s\u0105 r\u00f3\u017cnice mi\u0119dzy tymi technikami oraz jak wp\u0142ywaj\u0105 one na smak i trwa\u0142o\u015b\u0107 trunku. Ksi\u0105\u017cka pomo\u017ce Ci zrozumie\u0107 ca\u0142y proces produkcji miod\u00f3w pitnych w spos\u00f3b przyst\u0119pny i kompleksowy, jednocze\u015bnie oferuj\u0105c przestrze\u0144 do w\u0142asnych eksperyment\u00f3w.<\/p>\n\n\n\n<p class=\"has-mono-2-color has-text-color has-link-color has-superbfont-xxsmall-font-size wp-elements-0a0482eb43a0904face0bded4e47ee4e\">Poradnik \u201eMi\u00f3d Pitny. Prosty poradnik przyrz\u0105dzania staropolskich trunk\u00f3w.\u201d to nie tylko przewodnik po staro\u017cytnym rzemio\u015ble, ale tak\u017ce inspiracja do tworzenia wyj\u0105tkowych trunk\u00f3w we w\u0142asnym domu. Czytelnik odkryje, jak \u0142\u0105czy\u0107 tradycj\u0119 z nowoczesnymi technikami, by uzyska\u0107 nap\u00f3j, kt\u00f3ry b\u0119dzie dum\u0105 ka\u017cdej uroczysto\u015bci, a jego bogaty smak zachwyci wszystkich go\u015bci.<\/p>\n\n\n\n<p class=\"has-text-align-left has-mono-2-color has-text-color has-superbfont-xxsmall-font-size\">Kup teraz i rozpocznij swoj\u0105 przygod\u0119 z miodosytnictwem, czerpi\u0105c wiedz\u0119 z tej wyj\u0105tkowej ksi\u0105\u017cki, kt\u00f3ra \u0142\u0105czy teori\u0119 z praktyk\u0105, histori\u0119 z nowoczesno\u015bci\u0105, a wszystko to w przyjaznym, zrozumia\u0142ym stylu.<\/p>\n<\/div>\n\n\n\n<div class=\"wp-block-buttons is-layout-flex wp-container-core-buttons-is-layout-69f3c5ca wp-block-buttons-is-layout-flex\">\n<div class=\"wp-block-button has-custom-font-size has-superbfont-small-font-size\"><a class=\"wp-block-button__link wp-element-button\" style=\"padding-top:var(--wp--preset--spacing--superbspacing-xsmall);padding-right:var(--wp--preset--spacing--superbspacing-xsmall);padding-bottom:var(--wp--preset--spacing--superbspacing-xsmall);padding-left:var(--wp--preset--spacing--superbspacing-xsmall)\">Gdzie kupi\u0107 \u2192<\/a><\/div>\n\n\n\n<div class=\"wp-block-button has-custom-font-size is-style-outline has-superbfont-small-font-size is-style-outline--1\"><a class=\"wp-block-button__link wp-element-button\" style=\"padding-top:var(--wp--preset--spacing--superbspacing-xsmall);padding-right:var(--wp--preset--spacing--superbspacing-xsmall);padding-bottom:var(--wp--preset--spacing--superbspacing-xsmall);padding-left:var(--wp--preset--spacing--superbspacing-xsmall)\">Oferta dla hurtowni i sklep\u00f3w<\/a><\/div>\n<\/div>\n<\/div>\n<\/div>\n<\/div>\n","protected":false},"excerpt":{"rendered":"<p>Mi\u00f3d pitny. Prosty poradnik przyrz\u0105dzania staropolskich trunk\u00f3w. Je\u015bli fascynuje Ci\u0119 \u015bwiat miod\u00f3w pitnych i chcesz zg\u0142\u0119bi\u0107 tajniki ich produkcji, to poradnik \u201eMi\u00f3d Pitny. Prosty poradnik przyrz\u0105dzania staropolskich trunk\u00f3w.\u201d jest pozycj\u0105, kt\u00f3rej nie mo\u017cesz przegapi\u0107. Ta obszerna ksi\u0105\u017cka to prawdziwa kopalnia wiedzy dla wszystkich, kt\u00f3rzy marz\u0105 o stworzeniu w\u0142asnych trunk\u00f3w, zar\u00f3wno pocz\u0105tkuj\u0105cych, jak i bardziej do\u015bwiadczonych [&hellip;]<\/p>\n","protected":false},"author":1,"featured_media":0,"parent":0,"menu_order":0,"comment_status":"closed","ping_status":"closed","template":"page-full-width","meta":{"footnotes":""},"class_list":["post-114","page","type-page","status-publish","hentry"],"_links":{"self":[{"href":"https:\/\/pszczela-biblioteczka.pl\/index.php\/wp-json\/wp\/v2\/pages\/114","targetHints":{"allow":["GET"]}}],"collection":[{"href":"https:\/\/pszczela-biblioteczka.pl\/index.php\/wp-json\/wp\/v2\/pages"}],"about":[{"href":"https:\/\/pszczela-biblioteczka.pl\/index.php\/wp-json\/wp\/v2\/types\/page"}],"author":[{"embeddable":true,"href":"https:\/\/pszczela-biblioteczka.pl\/index.php\/wp-json\/wp\/v2\/users\/1"}],"replies":[{"embeddable":true,"href":"https:\/\/pszczela-biblioteczka.pl\/index.php\/wp-json\/wp\/v2\/comments?post=114"}],"version-history":[{"count":7,"href":"https:\/\/pszczela-biblioteczka.pl\/index.php\/wp-json\/wp\/v2\/pages\/114\/revisions"}],"predecessor-version":[{"id":123,"href":"https:\/\/pszczela-biblioteczka.pl\/index.php\/wp-json\/wp\/v2\/pages\/114\/revisions\/123"}],"wp:attachment":[{"href":"https:\/\/pszczela-biblioteczka.pl\/index.php\/wp-json\/wp\/v2\/media?parent=114"}],"curies":[{"name":"wp","href":"https:\/\/api.w.org\/{rel}","templated":true}]}}